{"id":69,"date":"2020-01-27T08:05:29","date_gmt":"2020-01-27T08:05:29","guid":{"rendered":"https:\/\/demosites.io\/web-agency-gb\/?page_id=69"},"modified":"2023-05-22T17:05:43","modified_gmt":"2023-05-22T17:05:43","slug":"15c42-web-agency-gb-portfolio","status":"publish","type":"page","link":"https:\/\/levignobledumonastir.eu\/index.php\/15c42-web-agency-gb-portfolio\/","title":{"rendered":"Nos cuv\u00e9es"},"content":{"rendered":"\n<div class=\"wp-block-cover alignfull\" style=\"min-height:300px\"><span aria-hidden=\"true\" class=\"wp-block-cover__background has-nv-site-bg-background-color has-background-dim-100 has-background-dim\"><\/span><div class=\"wp-block-cover__inner-container\">\n<div class=\"is-layout-flow wp-block-group\"><div class=\"wp-block-group__inner-container\">\n<h1 class=\"has-text-align-left has-neve-text-color-color has-text-color\">Nos cuv\u00e9es<\/h1>\n<\/div><\/div>\n<\/div><\/div>\n\n\n\n<div class=\"wp-block-cover alignfull\" style=\"min-height:600px\"><span aria-hidden=\"true\" class=\"wp-block-cover__background has-nv-light-bg-background-color has-background-dim-100 has-background-dim\"><\/span><div class=\"wp-block-cover__inner-container\">\n<div class=\"is-layout-flow wp-block-group\"><div class=\"wp-block-group__inner-container\">\n<div class=\"is-layout-flex wp-container-4 wp-block-columns are-vertically-aligned-center\">\n<div class=\"is-layout-flow wp-block-column is-vertically-aligned-center\" style=\"flex-basis:50%\">\n<figure class=\"wp-block-image size-large\"><img decoding=\"async\" width=\"683\" height=\"1024\" src=\"https:\/\/mlkfrphfutlo.i.optimole.com\/w:auto\/h:auto\/q:mauto\/f:avif\/https:\/\/i0.wp.com\/levignobledumonastir.eu\/wp-content\/uploads\/2022\/11\/La-providence-2017.jpg?resize=683%2C1024&#038;ssl=1\" alt=\"\" class=\"wp-image-7\" data-recalc-dims=\"1\"\/><\/figure>\n\n\n\n<div style=\"height:40px\" aria-hidden=\"true\" class=\"wp-block-spacer\"><\/div>\n<\/div>\n\n\n\n<div class=\"is-layout-flow wp-block-column is-vertically-aligned-center\" style=\"flex-basis:50%\">\n<h3 class=\"has-text-align-left has-neve-text-color-color has-text-color\"><strong>IGP C\u00f4tes Rouges Catalanes <strong><strong>\u00ab&nbsp;Providence&nbsp;\u00bb<\/strong>&nbsp;201<\/strong>7 <a href=\"https:\/\/fr.wikipedia.org\/wiki\/Carignan_N\" target=\"_blank\" rel=\"noopener\" title=\"\">(100% Carignan)<\/a><\/strong><\/h3>\n\n\n\n<p class=\"has-text-align-left has-neve-text-color-color has-text-color\">Couleur rouge grenat intense. <\/p>\n\n\n\n<p class=\"has-text-align-left has-neve-text-color-color has-text-color\">Nez&nbsp; tr\u00e8s \u00e9pic\u00e9 et tr\u00e8s r\u00e9gliss\u00e9, avec des notes de sous-bois. <\/p>\n\n\n\n<p class=\"has-text-align-left has-neve-text-color-color has-text-color\">Volume en bouche avec la sucrosit\u00e9, longueurs, tanins ronds et velout\u00e9, tr\u00e8s bon \u00e9quilibre. <\/p>\n\n\n\n<p class=\"has-text-align-left has-neve-text-color-color has-text-color\">Peu de note d&#8217;\u00e9volution.<\/p>\n\n\n\n<div style=\"height:40px\" aria-hidden=\"true\" class=\"wp-block-spacer\"><\/div>\n<\/div>\n<\/div>\n\n\n\n<div style=\"height:40px\" aria-hidden=\"true\" class=\"wp-block-spacer\"><\/div>\n<\/div><\/div>\n\n\n\n<div class=\"is-layout-flow wp-block-group\"><div class=\"wp-block-group__inner-container\">\n<div class=\"is-layout-flex wp-container-8 wp-block-columns are-vertically-aligned-center\">\n<div class=\"is-layout-flow wp-block-column is-vertically-aligned-center\" style=\"flex-basis:50%\">\n<figure class=\"wp-block-image size-large\"><img decoding=\"async\" width=\"683\" height=\"1024\" src=\"https:\/\/mlkfrphfutlo.i.optimole.com\/w:auto\/h:auto\/q:mauto\/f:avif\/https:\/\/i0.wp.com\/levignobledumonastir.eu\/wp-content\/uploads\/2022\/11\/La-Providence-2018.jpg?resize=683%2C1024&#038;ssl=1\" alt=\"\" class=\"wp-image-8\" data-recalc-dims=\"1\"\/><\/figure>\n\n\n\n<div style=\"height:40px\" aria-hidden=\"true\" class=\"wp-block-spacer\"><\/div>\n<\/div>\n\n\n\n<div class=\"is-layout-flow wp-block-column is-vertically-aligned-center\" style=\"flex-basis:50%\">\n<h3 class=\"has-text-align-left has-neve-text-color-color has-text-color\"><strong><strong>IGP c\u00f4tes catalanes rouges \u00ab&nbsp;Providence&nbsp;\u00bb 2018 <a href=\"https:\/\/fr.wikipedia.org\/wiki\/Carignan_N\" target=\"_blank\" rel=\"noopener\" title=\"\">(100% Carignan)<\/a><\/strong><\/strong><\/h3>\n\n\n\n<p class=\"has-text-align-left has-neve-text-color-color has-text-color\">Robe grenat.<\/p>\n\n\n\n<p class=\"has-text-align-left has-neve-text-color-color has-text-color\">Nez avec des notes de fruits rouges confitur\u00e9s. <\/p>\n\n\n\n<p class=\"has-text-align-left has-neve-text-color-color has-text-color\">Tr\u00e8s joli volume en bouche avec des tanins velout\u00e9s,<\/p>\n\n\n\n<p class=\"has-text-align-left has-neve-text-color-color has-text-color\">des ar\u00f4mes de fruits rouges en final, belle longueur. <\/p>\n\n\n\n<h3 class=\"has-text-align-left has-neve-text-color-color has-text-color\"><a href=\"https:\/\/levignobledumonastir.eu\/wp-content\/uploads\/2023\/04\/Fiche-technique-Providence-2018.pdf\" target=\"_blank\" rel=\"noopener\" title=\"\">Fiche technique<\/a><\/h3>\n\n\n\n<div style=\"height:40px\" aria-hidden=\"true\" class=\"wp-block-spacer\"><\/div>\n<\/div>\n<\/div>\n\n\n\n<div style=\"height:40px\" aria-hidden=\"true\" class=\"wp-block-spacer\"><\/div>\n<\/div><\/div>\n\n\n\n<div class=\"is-layout-flow wp-block-group\"><div class=\"wp-block-group__inner-container\">\n<div class=\"is-layout-flex wp-container-12 wp-block-columns are-vertically-aligned-center\">\n<div class=\"is-layout-flow wp-block-column is-vertically-aligned-center\" style=\"flex-basis:50%\">\n<figure class=\"wp-block-image size-large\"><img decoding=\"async\" width=\"683\" height=\"1024\" src=\"https:\/\/mlkfrphfutlo.i.optimole.com\/w:auto\/h:auto\/q:mauto\/f:avif\/https:\/\/i0.wp.com\/levignobledumonastir.eu\/wp-content\/uploads\/2022\/11\/Hymne-aux-aieux-2018.jpg?resize=683%2C1024&#038;ssl=1\" alt=\"\" class=\"wp-image-20\" data-recalc-dims=\"1\"\/><\/figure>\n\n\n\n<div style=\"height:40px\" aria-hidden=\"true\" class=\"wp-block-spacer\"><\/div>\n<\/div>\n\n\n\n<div class=\"is-layout-flow wp-block-column is-vertically-aligned-center\" style=\"flex-basis:50%\">\n<h3 class=\"has-text-align-left has-neve-text-color-color has-text-color\"><strong><strong>IGP <strong>c\u00f4tes catalanes rouges \u00ab&nbsp;l\u2019hymne aux a\u00efeux 2018 \u00bb (60% <a href=\"https:\/\/fr.wikipedia.org\/wiki\/Syrah\" target=\"_blank\" rel=\"noopener\" title=\"\">syrah<\/a> 40% <a href=\"https:\/\/fr.wikipedia.org\/wiki\/Grenache\" target=\"_blank\" rel=\"noopener\" title=\"\">grenache<\/a>)<\/strong><\/strong><\/strong><\/h3>\n\n\n\n<p class=\"has-text-align-left has-neve-text-color-color has-text-color\">Robe grenat. <\/p>\n\n\n\n<p class=\"has-text-align-left has-neve-text-color-color has-text-color\">Nez des fruits rouges types groseille, notes confitur\u00e9es. <\/p>\n\n\n\n<p class=\"has-text-align-left has-neve-text-color-color has-text-color\">En bouche attaque \u00e9pic\u00e9e puis note de fruits rouges, joli volume et belle longueur, tanins tr\u00e8s ronds. <\/p>\n\n\n\n<p class=\"has-text-align-left has-neve-text-color-color has-text-color\"> <\/p>\n\n\n\n<p class=\"has-text-align-left has-neve-text-color-color has-text-color\"><\/p>\n\n\n\n<div style=\"height:40px\" aria-hidden=\"true\" class=\"wp-block-spacer\"><\/div>\n<\/div>\n<\/div>\n\n\n\n<div style=\"height:40px\" aria-hidden=\"true\" class=\"wp-block-spacer\"><\/div>\n<\/div><\/div>\n\n\n\n<div class=\"is-layout-flow wp-block-group\"><div class=\"wp-block-group__inner-container\">\n<div class=\"is-layout-flex wp-container-16 wp-block-columns are-vertically-aligned-center\">\n<div class=\"is-layout-flow wp-block-column is-vertically-aligned-center\" style=\"flex-basis:50%\">\n<figure class=\"wp-block-image size-full\"><img data-opt-src=\"https:\/\/mlkfrphfutlo.i.optimole.com\/w:auto\/h:auto\/q:mauto\/f:avif\/https:\/\/i0.wp.com\/levignobledumonastir.eu\/wp-content\/uploads\/2023\/05\/AOP-CDR-Cuvee-Elsa-2018.jpg\"  decoding=\"async\" width=\"683\" height=\"1024\" src=\"https:\/\/mlkfrphfutlo.i.optimole.com\/w:auto\/h:auto\/q:eco\/f:avif\/https:\/\/i0.wp.com\/levignobledumonastir.eu\/wp-content\/uploads\/2023\/05\/AOP-CDR-Cuvee-Elsa-2018.jpg?resize=683%2C1024&#038;ssl=1\" alt=\"\" class=\"wp-image-627\" data-recalc-dims=\"1\"\/><noscript><img decoding=\"async\" width=\"683\" height=\"1024\" src=\"https:\/\/mlkfrphfutlo.i.optimole.com\/w:auto\/h:auto\/q:mauto\/f:avif\/https:\/\/i0.wp.com\/levignobledumonastir.eu\/wp-content\/uploads\/2023\/05\/AOP-CDR-Cuvee-Elsa-2018.jpg?resize=683%2C1024&#038;ssl=1\" alt=\"\" class=\"wp-image-627\" data-recalc-dims=\"1\"\/></noscript><\/figure>\n\n\n\n<div style=\"height:40px\" aria-hidden=\"true\" class=\"wp-block-spacer\"><\/div>\n<\/div>\n\n\n\n<div class=\"is-layout-flow wp-block-column is-vertically-aligned-center\" style=\"flex-basis:50%\">\n<h3 class=\"has-text-align-left has-neve-text-color-color has-text-color\">AOP CDR rouge \u00ab&nbsp;Cuv\u00e9e Elsa&nbsp;\u00bb 2018 (1\/3 <a href=\"https:\/\/fr.wikipedia.org\/wiki\/Syrah\" target=\"_blank\" rel=\"noopener\" title=\"\">Syrah<\/a> 1\/3 <a href=\"https:\/\/fr.wikipedia.org\/wiki\/Grenache\" target=\"_blank\" rel=\"noopener\" title=\"\">Grenache<\/a> 1\/3 <a href=\"https:\/\/fr.wikipedia.org\/wiki\/Carignan_N\" target=\"_blank\" rel=\"noopener\" title=\"\">carignan<\/a>)<\/h3>\n\n\n\n<p class=\"has-text-align-left has-neve-text-color-color has-text-color\"><\/p>\n\n\n\n<p class=\"has-text-align-left has-neve-text-color-color has-text-color\">Nez tr\u00e8s \u00e9pic\u00e9 et r\u00e9gliss\u00e9, sur le fruit noir. <\/p>\n\n\n\n<p class=\"has-text-align-left has-neve-text-color-color has-text-color\">En bouche \u00e9pice type poivre noir, tr\u00e8s \u00e9l\u00e9gant, bien \u00e9quilibr\u00e9 entre l\u2019acidit\u00e9 et les tanins tr\u00e8s ronds, beaucoup de longueur.<\/p>\n\n\n\n<p class=\"has-text-align-left has-neve-text-color-color has-text-color\"><\/p>\n\n\n\n<p class=\"has-text-align-left has-neve-text-color-color has-text-color\"> <\/p>\n\n\n\n<p class=\"has-text-align-left has-neve-text-color-color has-text-color\"><\/p>\n\n\n\n<div style=\"height:40px\" aria-hidden=\"true\" class=\"wp-block-spacer\"><\/div>\n<\/div>\n<\/div>\n\n\n\n<div style=\"height:40px\" aria-hidden=\"true\" class=\"wp-block-spacer\"><\/div>\n<\/div><\/div>\n<\/div><\/div>\n\n\n\n<div class=\"wp-block-cover alignfull\" style=\"min-height:600px\"><span aria-hidden=\"true\" class=\"wp-block-cover__background has-nv-light-bg-background-color has-background-dim-100 has-background-dim\"><\/span><div class=\"wp-block-cover__inner-container\">\n<div class=\"is-layout-flow wp-block-group\"><div class=\"wp-block-group__inner-container\">\n<div class=\"is-layout-flex wp-container-20 wp-block-columns are-vertically-aligned-center\">\n<div class=\"is-layout-flow wp-block-column is-vertically-aligned-center\" style=\"flex-basis:50%\">\n<figure class=\"wp-block-image size-large\"><img data-opt-src=\"https:\/\/mlkfrphfutlo.i.optimole.com\/w:auto\/h:auto\/q:mauto\/f:avif\/https:\/\/i0.wp.com\/levignobledumonastir.eu\/wp-content\/uploads\/2022\/11\/La-providence-2019-bis.jpg\"  decoding=\"async\" width=\"683\" height=\"1024\" src=\"https:\/\/mlkfrphfutlo.i.optimole.com\/w:auto\/h:auto\/q:eco\/f:avif\/https:\/\/i0.wp.com\/levignobledumonastir.eu\/wp-content\/uploads\/2022\/11\/La-providence-2019-bis.jpg?resize=683%2C1024&#038;ssl=1\" alt=\"\" class=\"wp-image-9\" data-recalc-dims=\"1\"\/><noscript><img decoding=\"async\" width=\"683\" height=\"1024\" src=\"https:\/\/mlkfrphfutlo.i.optimole.com\/w:auto\/h:auto\/q:mauto\/f:avif\/https:\/\/i0.wp.com\/levignobledumonastir.eu\/wp-content\/uploads\/2022\/11\/La-providence-2019-bis.jpg?resize=683%2C1024&#038;ssl=1\" alt=\"\" class=\"wp-image-9\" data-recalc-dims=\"1\"\/></noscript><\/figure>\n\n\n\n<div style=\"height:40px\" aria-hidden=\"true\" class=\"wp-block-spacer\"><\/div>\n<\/div>\n\n\n\n<div class=\"is-layout-flow wp-block-column is-vertically-aligned-center\" style=\"flex-basis:50%\">\n<h3 class=\"has-text-align-left has-neve-text-color-color has-text-color\"><strong>IGP <strong>c\u00f4tes catalanes rouges \u00ab&nbsp;Providence&nbsp;\u00bb 2019 (100% <a href=\"https:\/\/fr.wikipedia.org\/wiki\/Carignan_N\" target=\"_blank\" rel=\"noopener\" title=\"\">Carignan<\/a>)<\/strong><\/strong><\/h3>\n\n\n\n<p class=\"has-text-align-left has-neve-text-color-color has-text-color\">Robe grenat aux reflets pourpres intenses. <\/p>\n\n\n\n<p class=\"has-text-align-left has-neve-text-color-color has-text-color\">Nez fruits rouges, \u00e9pices noires type poivre. <\/p>\n\n\n\n<p class=\"has-text-align-left has-neve-text-color-color has-text-color\">En bouche on retrouve des tanins ronds et des notes de fruits rouges acidul\u00e9s en final. <\/p>\n\n\n\n<p class=\"has-text-align-left has-neve-text-color-color has-text-color\">Un bon \u00e9quilibre avec de la fraicheur. <\/p>\n\n\n\n<h3 class=\"has-text-align-left has-neve-text-color-color has-text-color\"><a href=\"https:\/\/levignobledumonastir.eu\/wp-content\/uploads\/2023\/04\/Fiche-technique-Providence-2019.pdf\" target=\"_blank\" rel=\"noopener\" title=\"\">Fiche technique<\/a><\/h3>\n\n\n\n<div style=\"height:40px\" aria-hidden=\"true\" class=\"wp-block-spacer\"><\/div>\n<\/div>\n<\/div>\n\n\n\n<div style=\"height:40px\" aria-hidden=\"true\" class=\"wp-block-spacer\"><\/div>\n<\/div><\/div>\n\n\n\n<div class=\"is-layout-flow wp-block-group\"><div class=\"wp-block-group__inner-container\">\n<div class=\"is-layout-flex wp-container-24 wp-block-columns are-vertically-aligned-center\">\n<div class=\"is-layout-flow wp-block-column is-vertically-aligned-center\" style=\"flex-basis:50%\">\n<figure class=\"wp-block-image size-large\"><img data-opt-src=\"https:\/\/mlkfrphfutlo.i.optimole.com\/w:auto\/h:auto\/q:mauto\/f:avif\/https:\/\/i0.wp.com\/levignobledumonastir.eu\/wp-content\/uploads\/2022\/11\/La-providence-2019-bis.jpg\"  decoding=\"async\" width=\"683\" height=\"1024\" src=\"https:\/\/mlkfrphfutlo.i.optimole.com\/w:auto\/h:auto\/q:eco\/f:avif\/https:\/\/i0.wp.com\/levignobledumonastir.eu\/wp-content\/uploads\/2022\/11\/La-providence-2019-bis.jpg?resize=683%2C1024&#038;ssl=1\" alt=\"\" class=\"wp-image-9\" data-recalc-dims=\"1\"\/><noscript><img decoding=\"async\" width=\"683\" height=\"1024\" src=\"https:\/\/mlkfrphfutlo.i.optimole.com\/w:auto\/h:auto\/q:mauto\/f:avif\/https:\/\/i0.wp.com\/levignobledumonastir.eu\/wp-content\/uploads\/2022\/11\/La-providence-2019-bis.jpg?resize=683%2C1024&#038;ssl=1\" alt=\"\" class=\"wp-image-9\" data-recalc-dims=\"1\"\/></noscript><\/figure>\n\n\n\n<div style=\"height:40px\" aria-hidden=\"true\" class=\"wp-block-spacer\"><\/div>\n<\/div>\n\n\n\n<div class=\"is-layout-flow wp-block-column is-vertically-aligned-center\" style=\"flex-basis:50%\">\n<h3 class=\"has-text-align-left has-neve-text-color-color has-text-color\"><strong><strong>IGP <strong>c\u00f4tes catalanes rouges \u00ab&nbsp;Providence&nbsp;\u00bb 2020 <a href=\"https:\/\/fr.wikipedia.org\/wiki\/Carignan_N\" target=\"_blank\" rel=\"noopener\" title=\"\">100% Carignan<\/a><\/strong>&nbsp;(50% vinification traditionnelle 50% vinification mac\u00e9ration carbonique)<\/strong><\/strong><\/h3>\n\n\n\n<p class=\"has-text-align-left has-neve-text-color-color has-text-color\">Couleur pourpres intenses  <\/p>\n\n\n\n<p class=\"has-text-align-left has-neve-text-color-color has-text-color\">Au nez des notes de fruits noirs tr\u00e8s prononc\u00e9es type m\u00fbre. <\/p>\n\n\n\n<p class=\"has-text-align-left has-neve-text-color-color has-text-color\">Jolie structure, belle puissance et longueur en bouche, avec des aromes de fruits noirs confitur\u00e8s assez intenses. <\/p>\n\n\n\n<p class=\"has-text-align-left has-neve-text-color-color has-text-color\"><\/p>\n\n\n\n<p class=\"has-text-align-left has-neve-text-color-color has-text-color\"><\/p>\n\n\n\n<div style=\"height:40px\" aria-hidden=\"true\" class=\"wp-block-spacer\"><\/div>\n<\/div>\n<\/div>\n\n\n\n<div style=\"height:40px\" aria-hidden=\"true\" class=\"wp-block-spacer\"><\/div>\n<\/div><\/div>\n\n\n\n<div class=\"is-layout-flow wp-block-group\"><div class=\"wp-block-group__inner-container\">\n<div class=\"is-layout-flex wp-container-28 wp-block-columns are-vertically-aligned-center\">\n<div class=\"is-layout-flow wp-block-column is-vertically-aligned-center\" style=\"flex-basis:50%\">\n<figure class=\"wp-block-image size-large\"><img data-opt-src=\"https:\/\/mlkfrphfutlo.i.optimole.com\/w:auto\/h:auto\/q:mauto\/f:avif\/https:\/\/i0.wp.com\/levignobledumonastir.eu\/wp-content\/uploads\/2022\/11\/Cuvee-Ines-2018.jpg\"  decoding=\"async\" width=\"683\" height=\"1024\" src=\"https:\/\/mlkfrphfutlo.i.optimole.com\/w:auto\/h:auto\/q:eco\/f:avif\/https:\/\/i0.wp.com\/levignobledumonastir.eu\/wp-content\/uploads\/2022\/11\/Cuvee-Ines-2018.jpg?resize=683%2C1024&#038;ssl=1\" alt=\"\" class=\"wp-image-21\" data-recalc-dims=\"1\"\/><noscript><img decoding=\"async\" width=\"683\" height=\"1024\" src=\"https:\/\/mlkfrphfutlo.i.optimole.com\/w:auto\/h:auto\/q:mauto\/f:avif\/https:\/\/i0.wp.com\/levignobledumonastir.eu\/wp-content\/uploads\/2022\/11\/Cuvee-Ines-2018.jpg?resize=683%2C1024&#038;ssl=1\" alt=\"\" class=\"wp-image-21\" data-recalc-dims=\"1\"\/></noscript><\/figure>\n\n\n\n<div style=\"height:40px\" aria-hidden=\"true\" class=\"wp-block-spacer\"><\/div>\n<\/div>\n\n\n\n<div class=\"is-layout-flow wp-block-column is-vertically-aligned-center\" style=\"flex-basis:50%\">\n<h3 class=\"has-text-align-left has-neve-text-color-color has-text-color\"><strong><strong>En rupture de stock <\/strong><\/strong><\/h3>\n\n\n\n<h3 class=\"has-text-align-left has-neve-text-color-color has-text-color\"><strong><strong>Assemblage 50% <a href=\"https:\/\/fr.wikipedia.org\/wiki\/Grenache_blanc\" target=\"_blank\" rel=\"noopener\" title=\"\">grenache blanc<\/a> 50% <a href=\"https:\/\/fr.wikipedia.org\/wiki\/Macabeu\" target=\"_blank\" rel=\"noopener\" title=\"\">macabeu<\/a> <\/strong><\/strong><\/h3>\n\n\n\n<p class=\"has-text-align-left has-neve-text-color-color has-text-color\"> <\/p>\n\n\n\n<p class=\"has-text-align-left has-neve-text-color-color has-text-color\"><\/p>\n\n\n\n<p class=\"has-text-align-left has-neve-text-color-color has-text-color\"><\/p>\n\n\n\n<div style=\"height:40px\" aria-hidden=\"true\" class=\"wp-block-spacer\"><\/div>\n<\/div>\n<\/div>\n\n\n\n<div class=\"is-layout-flex wp-container-31 wp-block-columns are-vertically-aligned-center\">\n<div class=\"is-layout-flow wp-block-column is-vertically-aligned-center\" style=\"flex-basis:50%\">\n<figure class=\"wp-block-image size-large\"><img decoding=\"async\" width=\"683\" height=\"1024\" src=\"https:\/\/mlkfrphfutlo.i.optimole.com\/w:auto\/h:auto\/q:mauto\/f:avif\/https:\/\/i0.wp.com\/levignobledumonastir.eu\/wp-content\/uploads\/2022\/11\/La-providence-2017.jpg?resize=683%2C1024&#038;ssl=1\" alt=\"\" class=\"wp-image-7\" data-recalc-dims=\"1\"\/><\/figure>\n\n\n\n<div style=\"height:40px\" aria-hidden=\"true\" class=\"wp-block-spacer\"><\/div>\n<\/div>\n\n\n\n<div class=\"is-layout-flow wp-block-column is-vertically-aligned-center\" style=\"flex-basis:50%\">\n<h3 class=\"has-text-align-left has-neve-text-color-color has-text-color\"><strong><strong>En rupture de stock <\/strong><\/strong><\/h3>\n\n\n\n<h3 class=\"has-text-align-left has-neve-text-color-color has-text-color\"><strong><strong><strong>IGP C\u00f4tes Rouges Catalanes <strong><strong>\u00ab&nbsp;Providence&nbsp;\u00bb<\/strong>&nbsp;201<\/strong>7 <a href=\"https:\/\/fr.wikipedia.org\/wiki\/Carignan_N\" target=\"_blank\" rel=\"noopener\" title=\"\">(100% Carignan)<\/a><\/strong> <\/strong><\/strong><\/h3>\n\n\n\n<p class=\"has-text-align-left has-neve-text-color-color has-text-color\"> <\/p>\n\n\n\n<p class=\"has-text-align-left has-neve-text-color-color has-text-color\"><\/p>\n\n\n\n<p class=\"has-text-align-left has-neve-text-color-color has-text-color\"><\/p>\n\n\n\n<div style=\"height:40px\" aria-hidden=\"true\" class=\"wp-block-spacer\"><\/div>\n<\/div>\n<\/div>\n\n\n\n<div style=\"height:40px\" aria-hidden=\"true\" class=\"wp-block-spacer\"><\/div>\n<\/div><\/div>\n<\/div><\/div>\n\n\n\n<div class=\"wp-block-cover alignfull\" style=\"min-height:300px\"><span aria-hidden=\"true\" class=\"wp-block-cover__background has-nv-dark-bg-background-color has-background-dim-100 has-background-dim\"><\/span><div class=\"wp-block-cover__inner-container\"><div class=\"wp-block-image is-style-rounded\">\n<figure class=\"aligncenter size-large is-resized\"><img data-opt-src=\"https:\/\/mlkfrphfutlo.i.optimole.com\/w:auto\/h:auto\/q:mauto\/f:avif\/https:\/\/i0.wp.com\/levignobledumonastir.eu\/wp-content\/uploads\/2022\/11\/Remontage2-1.jpg\"  decoding=\"async\" src=\"https:\/\/mlkfrphfutlo.i.optimole.com\/w:auto\/h:auto\/q:eco\/f:avif\/https:\/\/i0.wp.com\/levignobledumonastir.eu\/wp-content\/uploads\/2022\/11\/Remontage2-1.jpg?resize=768%2C1024&#038;ssl=1\" alt=\"\" class=\"wp-image-453\" width=\"-396\" height=\"-528\" data-recalc-dims=\"1\"\/><noscript><img decoding=\"async\" src=\"https:\/\/mlkfrphfutlo.i.optimole.com\/w:auto\/h:auto\/q:mauto\/f:avif\/https:\/\/i0.wp.com\/levignobledumonastir.eu\/wp-content\/uploads\/2022\/11\/Remontage2-1.jpg?resize=768%2C1024&#038;ssl=1\" alt=\"\" class=\"wp-image-453\" width=\"-396\" height=\"-528\" data-recalc-dims=\"1\"\/></noscript><\/figure><\/div>\n\n\n<p class=\"has-text-align-center has-nv-text-dark-bg-color has-text-color\">\u201cNous vous proposons des produits remarquables\u201d<\/p>\n\n\n\n<p class=\"has-text-align-center has-nv-text-dark-bg-color has-text-color\" style=\"font-size:14px\">Patrick CERVATIUS<\/p>\n<\/div><\/div>\n","protected":false},"excerpt":{"rendered":"","protected":false},"author":1,"featured_media":0,"parent":0,"menu_order":0,"comment_status":"closed","ping_status":"closed","template":"","meta":{"neve_meta_sidebar":"full-width","neve_meta_container":"","neve_meta_enable_content_width":"on","neve_meta_content_width":100,"neve_meta_title_alignment":"","neve_meta_author_avatar":"","neve_post_elements_order":"","neve_meta_disable_header":"","neve_meta_disable_footer":"","neve_meta_disable_title":"on","_themeisle_gutenberg_block_has_review":false,"_ti_tpc_template_sync":false,"_ti_tpc_template_id":"t3x60x1arljpehhy6mr6"},"aioseo_notices":[],"_links":{"self":[{"href":"https:\/\/levignobledumonastir.eu\/index.php\/wp-json\/wp\/v2\/pages\/69"}],"collection":[{"href":"https:\/\/levignobledumonastir.eu\/index.php\/wp-json\/wp\/v2\/pages"}],"about":[{"href":"https:\/\/levignobledumonastir.eu\/index.php\/wp-json\/wp\/v2\/types\/page"}],"author":[{"embeddable":true,"href":"https:\/\/levignobledumonastir.eu\/index.php\/wp-json\/wp\/v2\/users\/1"}],"replies":[{"embeddable":true,"href":"https:\/\/levignobledumonastir.eu\/index.php\/wp-json\/wp\/v2\/comments?post=69"}],"version-history":[{"count":28,"href":"https:\/\/levignobledumonastir.eu\/index.php\/wp-json\/wp\/v2\/pages\/69\/revisions"}],"predecessor-version":[{"id":628,"href":"https:\/\/levignobledumonastir.eu\/index.php\/wp-json\/wp\/v2\/pages\/69\/revisions\/628"}],"wp:attachment":[{"href":"https:\/\/levignobledumonastir.eu\/index.php\/wp-json\/wp\/v2\/media?parent=69"}],"curies":[{"name":"wp","href":"https:\/\/api.w.org\/{rel}","templated":true}]}}