{"id":308,"date":"2020-01-13T11:17:52","date_gmt":"2020-01-13T11:17:52","guid":{"rendered":"https:\/\/demosites.io\/web-agency-gb\/?page_id=5"},"modified":"2023-08-23T16:10:13","modified_gmt":"2023-08-23T16:10:13","slug":"15c42-web-agency-gb-home","status":"publish","type":"page","link":"https:\/\/levignobledumonastir.eu\/","title":{"rendered":"Accueil"},"content":{"rendered":"\n<div class=\"wp-block-cover alignfull is-light\" style=\"min-height:700px\"><span aria-hidden=\"true\" class=\"wp-block-cover__background has-background-dim-0 has-background-dim\"><\/span><img decoding=\"async\" width=\"1200\" height=\"900\" class=\"wp-block-cover__image-background wp-image-433\" alt=\"\" src=\"https:\/\/mlkfrphfutlo.i.optimole.com\/w:auto\/h:auto\/q:mauto\/f:avif\/https:\/\/i0.wp.com\/levignobledumonastir.eu\/wp-content\/uploads\/2022\/11\/20191027_082953-scaled.jpg?resize=1200%2C900&#038;ssl=1\" data-object-fit=\"cover\" srcset=\"https:\/\/mlkfrphfutlo.i.optimole.com\/w:auto\/h:auto\/q:mauto\/f:avif\/https:\/\/i0.wp.com\/levignobledumonastir.eu\/wp-content\/uploads\/2022\/11\/20191027_082953-scaled.jpg?w=2560&amp;ssl=1 2560w, https:\/\/mlkfrphfutlo.i.optimole.com\/w:auto\/h:auto\/q:mauto\/f:avif\/https:\/\/i0.wp.com\/levignobledumonastir.eu\/wp-content\/uploads\/2022\/11\/20191027_082953-scaled.jpg?w=2400&amp;ssl=1 2400w\" sizes=\"(max-width: 1200px) 100vw, 1200px\" data-recalc-dims=\"1\" \/><div class=\"wp-block-cover__inner-container\">\n<div style=\"height:80px\" aria-hidden=\"true\" class=\"wp-block-spacer\"><\/div>\n\n\n\n<h4 class=\"has-text-align-center has-text-color\" style=\"color:#121212\">Une production traditionnelle, <br>une fabrication artisanale<\/h4>\n\n\n\n<p class=\"has-text-align-center has-text-color\" style=\"color:#121212;font-size:17px\">\u00ab In vino veritas \u00bb, la v\u00e9rit\u00e9 est dans le vin.<br><\/p>\n\n\n\n<div class=\"is-horizontal is-content-justification-center is-layout-flex wp-container-1 wp-block-buttons\">\n<div class=\"wp-block-button is-style-primary\"><a class=\"wp-block-button__link wp-element-button\" href=\"https:\/\/levignobledumonastir.eu\/index.php\/15c42-web-agency-gb-about-us\/\" target=\"_blank\" rel=\"noreferrer noopener\">En savoir plus<\/a><\/div>\n\n\n\n<div class=\"wp-block-button is-style-secondary\"><a class=\"wp-block-button__link wp-element-button\" href=\"https:\/\/levignobledumonastir.eu\/index.php\/15c42-web-agency-gb-portfolio\/\" target=\"_blank\" rel=\"noreferrer noopener\">Adoptez nous<\/a><\/div>\n<\/div>\n\n\n\n<div style=\"height:80px\" aria-hidden=\"true\" class=\"wp-block-spacer\"><\/div>\n\n\n\n<div style=\"height:80px\" aria-hidden=\"true\" class=\"wp-block-spacer\"><\/div>\n<\/div><\/div>\n\n\n\n<div style=\"height:80px\" aria-hidden=\"true\" class=\"wp-block-spacer\"><\/div>\n\n\n\n<div class=\"is-layout-flex wp-container-5 wp-block-columns\">\n<div class=\"is-layout-flow wp-block-column\"><div class=\"wp-block-image icon-style is-style-rounded\">\n<figure class=\"aligncenter size-full is-resized\"><a href=\"https:\/\/www.trouillas.fr\/\" target=\"_blank\" rel=\"noreferrer noopener\"><img decoding=\"async\" src=\"https:\/\/mlkfrphfutlo.i.optimole.com\/w:auto\/h:auto\/q:mauto\/f:avif\/https:\/\/i0.wp.com\/levignobledumonastir.eu\/wp-content\/uploads\/2022\/11\/TROUILLAS-BLASON.jpg?resize=233%2C233&#038;ssl=1\" alt=\"\" class=\"wp-image-22\" width=\"233\" height=\"233\" title=\"\" data-recalc-dims=\"1\"\/><\/a><\/figure><\/div>\n\n\n<h4 class=\"has-text-align-center has-neve-text-color-color has-text-color\">Vielles vignes<\/h4>\n\n\n\n<p class=\"has-text-align-center\">La famille Roig, vignerons depuis 1852 \u00e0 Trouillas dans les Pyr\u00e9n\u00e9es orientales, a connu un nouvel essor en 2016 avec Marie H\u00e9l\u00e8ne la derni\u00e8re descendante et Patrick CERVATIUS son compagnon <\/p>\n\n\n\n<p class=\"has-text-align-center\"><\/p>\n\n\n\n<div style=\"height:20px\" aria-hidden=\"true\" class=\"wp-block-spacer\"><\/div>\n<\/div>\n\n\n\n<div class=\"is-layout-flow wp-block-column\"><div class=\"wp-block-image icon-style is-style-rounded\">\n<figure class=\"aligncenter size-full is-resized\"><a href=\"https:\/\/www.demeter.fr\/\" target=\"_blank\" rel=\"noreferrer noopener\"><img decoding=\"async\" src=\"https:\/\/mlkfrphfutlo.i.optimole.com\/w:auto\/h:auto\/q:mauto\/f:avif\/https:\/\/i0.wp.com\/levignobledumonastir.eu\/wp-content\/uploads\/2023\/08\/biodynamie-vignoble-du-monastir.png?w=1200&#038;ssl=1\" alt=\"\" class=\"wp-image-669\" width=\"-312\" height=\"-174\" data-recalc-dims=\"1\"\/><\/a><\/figure><\/div>\n\n\n<p><\/p>\n\n\n\n<h4 class=\"has-text-align-center has-neve-text-color-color has-text-color\">Le terroir<\/h4>\n\n\n\n<p class=\"has-text-align-center\">\u00ab Vinum bonum laetificat cor hominis \u00bb <\/p>\n\n\n\n<p class=\"has-text-align-center\">Le bon vin r\u00e9jouit le c\u0153ur des hommes.<\/p>\n\n\n\n<div style=\"height:20px\" aria-hidden=\"true\" class=\"wp-block-spacer\"><\/div>\n<\/div>\n\n\n\n<div class=\"is-layout-flow wp-block-column\"><div class=\"wp-block-image icon-style is-style-rounded\">\n<figure class=\"aligncenter size-full\"><a href=\"https:\/\/www.ecocert.com\/fr-FR\/home\" target=\"_blank\" rel=\"noreferrer noopener\"><img data-opt-src=\"https:\/\/mlkfrphfutlo.i.optimole.com\/w:auto\/h:auto\/q:mauto\/f:avif\/https:\/\/i0.wp.com\/levignobledumonastir.eu\/wp-content\/uploads\/2023\/06\/Vins-bio-trouillas-vignoble-du-monastir.png\"  decoding=\"async\" width=\"584\" height=\"375\" src=\"https:\/\/mlkfrphfutlo.i.optimole.com\/w:auto\/h:auto\/q:eco\/f:avif\/https:\/\/i0.wp.com\/levignobledumonastir.eu\/wp-content\/uploads\/2023\/06\/Vins-bio-trouillas-vignoble-du-monastir.png?resize=584%2C375&#038;ssl=1\" alt=\"\" class=\"wp-image-630\" data-recalc-dims=\"1\"\/><noscript><img decoding=\"async\" width=\"584\" height=\"375\" src=\"https:\/\/mlkfrphfutlo.i.optimole.com\/w:auto\/h:auto\/q:mauto\/f:avif\/https:\/\/i0.wp.com\/levignobledumonastir.eu\/wp-content\/uploads\/2023\/06\/Vins-bio-trouillas-vignoble-du-monastir.png?resize=584%2C375&#038;ssl=1\" alt=\"\" class=\"wp-image-630\" data-recalc-dims=\"1\"\/></noscript><\/a><\/figure><\/div>\n\n\n<p class=\"has-text-align-center\">\u00ab Fortunatos nimium sua si bona norint \u00bb Trop heureux les hommes des champs s\u2019ils connaissent leur bonheur.<\/p>\n\n\n\n<div style=\"height:20px\" aria-hidden=\"true\" class=\"wp-block-spacer\"><\/div>\n<\/div>\n<\/div>\n\n\n\n<div class=\"wp-block-cover alignfull\" style=\"min-height:600px\"><span aria-hidden=\"true\" class=\"wp-block-cover__background has-nv-light-bg-background-color has-background-dim-100 has-background-dim\"><\/span><div class=\"wp-block-cover__inner-container\">\n<div class=\"is-layout-flow wp-block-group\"><div class=\"wp-block-group__inner-container\">\n<div style=\"height:80px\" aria-hidden=\"true\" class=\"wp-block-spacer\"><\/div>\n\n\n\n<div class=\"is-layout-flex wp-container-9 wp-block-columns are-vertically-aligned-center\">\n<div class=\"is-layout-flow wp-block-column is-vertically-aligned-center\" style=\"flex-basis:50%\">\n<figure class=\"wp-block-image size-large\"><img data-opt-src=\"https:\/\/mlkfrphfutlo.i.optimole.com\/w:auto\/h:auto\/q:mauto\/f:avif\/https:\/\/i0.wp.com\/levignobledumonastir.eu\/wp-content\/uploads\/2022\/11\/Nos-cuvees.jpg\"  decoding=\"async\" width=\"1024\" height=\"683\" src=\"https:\/\/mlkfrphfutlo.i.optimole.com\/w:auto\/h:auto\/q:eco\/f:avif\/https:\/\/i0.wp.com\/levignobledumonastir.eu\/wp-content\/uploads\/2022\/11\/Nos-cuvees.jpg?resize=1024%2C683&#038;ssl=1\" alt=\"\" class=\"wp-image-48\" old-srcset=\"https:\/\/mlkfrphfutlo.i.optimole.com\/w:auto\/h:auto\/q:mauto\/f:avif\/https:\/\/i0.wp.com\/levignobledumonastir.eu\/wp-content\/uploads\/2022\/11\/Nos-cuvees-scaled.jpg?resize=1024%2C683&amp;ssl=1 1024w, https:\/\/mlkfrphfutlo.i.optimole.com\/w:auto\/h:auto\/q:mauto\/f:avif\/https:\/\/i0.wp.com\/levignobledumonastir.eu\/wp-content\/uploads\/2022\/11\/Nos-cuvees-scaled.jpg?w=2400&amp;ssl=1 2400w\" sizes=\"(max-width: 1024px) 100vw, 1024px\" data-recalc-dims=\"1\" \/><noscript><img decoding=\"async\" width=\"1024\" height=\"683\" src=\"https:\/\/mlkfrphfutlo.i.optimole.com\/w:auto\/h:auto\/q:mauto\/f:avif\/https:\/\/i0.wp.com\/levignobledumonastir.eu\/wp-content\/uploads\/2022\/11\/Nos-cuvees.jpg?resize=1024%2C683&#038;ssl=1\" alt=\"\" class=\"wp-image-48\" srcset=\"https:\/\/mlkfrphfutlo.i.optimole.com\/w:auto\/h:auto\/q:mauto\/f:avif\/https:\/\/i0.wp.com\/levignobledumonastir.eu\/wp-content\/uploads\/2022\/11\/Nos-cuvees-scaled.jpg?resize=1024%2C683&amp;ssl=1 1024w, https:\/\/mlkfrphfutlo.i.optimole.com\/w:auto\/h:auto\/q:mauto\/f:avif\/https:\/\/i0.wp.com\/levignobledumonastir.eu\/wp-content\/uploads\/2022\/11\/Nos-cuvees-scaled.jpg?w=2400&amp;ssl=1 2400w\" sizes=\"(max-width: 1024px) 100vw, 1024px\" data-recalc-dims=\"1\" \/></noscript><\/figure>\n<\/div>\n\n\n\n<div class=\"is-layout-flow wp-block-column is-vertically-aligned-center\" style=\"flex-basis:50%\">\n<div style=\"height:20px\" aria-hidden=\"true\" class=\"wp-block-spacer\"><\/div>\n\n\n\n<h2 class=\"has-text-align-left has-neve-text-color-color has-text-color\">Nos cuv\u00e9es<\/h2>\n\n\n\n<p class=\"has-text-align-left has-neve-text-color-color has-text-color\" style=\"font-size:17px\"><\/p>\n\n\n\n<div class=\"is-horizontal is-content-justification-left is-layout-flex wp-container-7 wp-block-buttons\">\n<div class=\"wp-block-button is-style-primary\"><a class=\"wp-block-button__link wp-element-button\" href=\"https:\/\/levignobledumonastir.eu\/index.php\/15c42-web-agency-gb-portfolio\/\" target=\"_blank\" rel=\"noreferrer noopener\">En savoir plus<\/a><\/div>\n<\/div>\n<\/div>\n<\/div>\n\n\n\n<div style=\"height:40px\" aria-hidden=\"true\" class=\"wp-block-spacer\"><\/div>\n<\/div><\/div>\n<\/div><\/div>\n\n\n\n<div class=\"wp-block-cover alignfull\" style=\"min-height:600px\"><span aria-hidden=\"true\" class=\"wp-block-cover__background has-nv-dark-bg-background-color has-background-dim-100 has-background-dim\"><\/span><div class=\"wp-block-cover__inner-container\">\n<div class=\"is-layout-flow wp-block-group\"><div class=\"wp-block-group__inner-container\">\n<div style=\"height:80px\" aria-hidden=\"true\" class=\"wp-block-spacer\"><\/div>\n\n\n\n<div class=\"is-layout-flex wp-container-14 wp-block-columns are-vertically-aligned-center\">\n<div class=\"is-layout-flow wp-block-column is-vertically-aligned-center\" style=\"flex-basis:50%\">\n<figure class=\"wp-block-image size-full\"><img data-opt-src=\"https:\/\/mlkfrphfutlo.i.optimole.com\/w:auto\/h:auto\/q:mauto\/f:avif\/https:\/\/i0.wp.com\/levignobledumonastir.eu\/wp-content\/uploads\/2023\/06\/Le-respect-de-la-nature-vignoble-du-monastir.jpg\"  decoding=\"async\" width=\"448\" height=\"252\" src=\"https:\/\/mlkfrphfutlo.i.optimole.com\/w:auto\/h:auto\/q:eco\/f:avif\/https:\/\/i0.wp.com\/levignobledumonastir.eu\/wp-content\/uploads\/2023\/06\/Le-respect-de-la-nature-vignoble-du-monastir.jpg?resize=448%2C252&#038;ssl=1\" alt=\"\" class=\"wp-image-641\" data-recalc-dims=\"1\"\/><noscript><img decoding=\"async\" width=\"448\" height=\"252\" src=\"https:\/\/mlkfrphfutlo.i.optimole.com\/w:auto\/h:auto\/q:mauto\/f:avif\/https:\/\/i0.wp.com\/levignobledumonastir.eu\/wp-content\/uploads\/2023\/06\/Le-respect-de-la-nature-vignoble-du-monastir.jpg?resize=448%2C252&#038;ssl=1\" alt=\"\" class=\"wp-image-641\" data-recalc-dims=\"1\"\/></noscript><\/figure>\n<\/div>\n\n\n\n<div class=\"is-layout-flow wp-block-column is-vertically-aligned-center\" style=\"flex-basis:50%\">\n<div style=\"height:40px\" aria-hidden=\"true\" class=\"wp-block-spacer\"><\/div>\n\n\n\n<h2 class=\"has-text-align-left has-nv-text-dark-bg-color has-text-color\">Le respect de la nature<\/h2>\n\n\n\n<p class=\"has-text-align-left has-nv-text-dark-bg-color has-text-color\" style=\"font-size:17px\">Pour une production en commodit\u00e9 avec le terroir<\/p>\n\n\n\n<div class=\"is-horizontal is-content-justification-left is-layout-flex wp-container-12 wp-block-buttons\">\n<div class=\"wp-block-button is-style-primary\"><a class=\"wp-block-button__link wp-element-button\" href=\"https:\/\/levignobledumonastir.eu\/index.php\/15c42-web-agency-gb-about-us\/\" target=\"_blank\" rel=\"noreferrer noopener\">En savoir plus<\/a><\/div>\n<\/div>\n<\/div>\n<\/div>\n\n\n\n<div style=\"height:50px\" aria-hidden=\"true\" class=\"wp-block-spacer\"><\/div>\n<\/div><\/div>\n<\/div><\/div>\n\n\n\n<div class=\"wp-block-cover alignfull\" style=\"min-height:600px\"><span aria-hidden=\"true\" class=\"wp-block-cover__background has-nv-site-bg-background-color has-background-dim-100 has-background-dim\"><\/span><div class=\"wp-block-cover__inner-container\">\n<div class=\"is-layout-flow wp-block-group\"><div class=\"wp-block-group__inner-container\">\n<div style=\"height:80px\" aria-hidden=\"true\" class=\"wp-block-spacer\"><\/div>\n\n\n\n<h2 class=\"has-neve-text-color-color has-text-color\">Reconnaissances<\/h2>\n\n\n\n<div style=\"height:20px\" aria-hidden=\"true\" class=\"wp-block-spacer\"><\/div>\n\n\n\n<div class=\"is-layout-flex wp-container-18 wp-block-columns are-vertically-aligned-center\">\n<div class=\"is-layout-flow wp-block-column is-vertically-aligned-center\" style=\"flex-basis:50%\">\n<figure class=\"wp-block-image size-full\"><a href=\"https:\/\/www.midilibre.fr\/2018\/05\/31\/vin-longtemps-decrie-le-carignan-revient-au-gout-du-jour,1679583.php#\" target=\"_blank\" rel=\"noreferrer noopener\"><img data-opt-src=\"https:\/\/mlkfrphfutlo.i.optimole.com\/w:auto\/h:auto\/q:mauto\/f:avif\/https:\/\/i0.wp.com\/levignobledumonastir.eu\/wp-content\/uploads\/2022\/11\/Midi-libre-2017.png\"  decoding=\"async\" width=\"524\" height=\"733\" src=\"https:\/\/mlkfrphfutlo.i.optimole.com\/w:auto\/h:auto\/q:eco\/f:avif\/https:\/\/i0.wp.com\/levignobledumonastir.eu\/wp-content\/uploads\/2022\/11\/Midi-libre-2017.png?resize=524%2C733&#038;ssl=1\" alt=\"\" class=\"wp-image-18\" data-recalc-dims=\"1\"\/><noscript><img decoding=\"async\" width=\"524\" height=\"733\" src=\"https:\/\/mlkfrphfutlo.i.optimole.com\/w:auto\/h:auto\/q:mauto\/f:avif\/https:\/\/i0.wp.com\/levignobledumonastir.eu\/wp-content\/uploads\/2022\/11\/Midi-libre-2017.png?resize=524%2C733&#038;ssl=1\" alt=\"\" class=\"wp-image-18\" data-recalc-dims=\"1\"\/></noscript><\/a><\/figure>\n\n\n\n<figure class=\"wp-block-image size-full\"><a href=\"https:\/\/www.lunion.fr\/id214664\/article\/2020-12-11\/lenfant-du-pays-presente-son-vin-vireux-molhain?referer=%2Farchives%2Frecherche%3Fdatefilter%3Dlast5year%26sort%3Ddate%2Bdesc%26start%3D300%26word%3DVireux-molhain%2B\" target=\"_blank\" rel=\"noreferrer noopener\"><img data-opt-src=\"https:\/\/mlkfrphfutlo.i.optimole.com\/w:auto\/h:auto\/q:mauto\/f:avif\/https:\/\/i0.wp.com\/levignobledumonastir.eu\/wp-content\/uploads\/2022\/11\/Lenfant-du-pays-revient-presenter-son-vin.jpg\"  decoding=\"async\" width=\"640\" height=\"853\" src=\"https:\/\/mlkfrphfutlo.i.optimole.com\/w:auto\/h:auto\/q:eco\/f:avif\/https:\/\/i0.wp.com\/levignobledumonastir.eu\/wp-content\/uploads\/2022\/11\/Lenfant-du-pays-revient-presenter-son-vin.jpg?resize=640%2C853&#038;ssl=1\" alt=\"\" class=\"wp-image-356\" data-recalc-dims=\"1\"\/><noscript><img decoding=\"async\" width=\"640\" height=\"853\" src=\"https:\/\/mlkfrphfutlo.i.optimole.com\/w:auto\/h:auto\/q:mauto\/f:avif\/https:\/\/i0.wp.com\/levignobledumonastir.eu\/wp-content\/uploads\/2022\/11\/Lenfant-du-pays-revient-presenter-son-vin.jpg?resize=640%2C853&#038;ssl=1\" alt=\"\" class=\"wp-image-356\" data-recalc-dims=\"1\"\/></noscript><\/a><\/figure>\n\n\n\n<div style=\"height:40px\" aria-hidden=\"true\" class=\"wp-block-spacer\"><\/div>\n<\/div>\n\n\n\n<div class=\"is-layout-flow wp-block-column is-vertically-aligned-center\" style=\"flex-basis:50%\">\n<figure class=\"wp-block-image size-full\"><a href=\"https:\/\/www.vigneron-independant.com\/vignoble-du-monastir\" target=\"_blank\" rel=\"noreferrer noopener\"><img data-opt-src=\"https:\/\/mlkfrphfutlo.i.optimole.com\/w:auto\/h:auto\/q:mauto\/f:avif\/https:\/\/i0.wp.com\/levignobledumonastir.eu\/wp-content\/uploads\/2023\/04\/Medaille-de-Bronze-2019-vignerons-independants-web.png\"  decoding=\"async\" width=\"640\" height=\"453\" src=\"https:\/\/mlkfrphfutlo.i.optimole.com\/w:auto\/h:auto\/q:eco\/f:avif\/https:\/\/i0.wp.com\/levignobledumonastir.eu\/wp-content\/uploads\/2023\/04\/Medaille-de-Bronze-2019-vignerons-independants-web.png?resize=640%2C453&#038;ssl=1\" alt=\"\" class=\"wp-image-563\" data-recalc-dims=\"1\"\/><noscript><img decoding=\"async\" width=\"640\" height=\"453\" src=\"https:\/\/mlkfrphfutlo.i.optimole.com\/w:auto\/h:auto\/q:mauto\/f:avif\/https:\/\/i0.wp.com\/levignobledumonastir.eu\/wp-content\/uploads\/2023\/04\/Medaille-de-Bronze-2019-vignerons-independants-web.png?resize=640%2C453&#038;ssl=1\" alt=\"\" class=\"wp-image-563\" data-recalc-dims=\"1\"\/></noscript><\/a><\/figure>\n\n\n\n<figure class=\"wp-block-image size-full\"><img data-opt-src=\"https:\/\/mlkfrphfutlo.i.optimole.com\/w:auto\/h:auto\/q:mauto\/f:avif\/https:\/\/i0.wp.com\/levignobledumonastir.eu\/wp-content\/uploads\/2023\/06\/Trouillas-Vins-La-Providence-degustations-WEINWISSER.jpg\"  decoding=\"async\" width=\"994\" height=\"848\" src=\"https:\/\/mlkfrphfutlo.i.optimole.com\/w:auto\/h:auto\/q:eco\/f:avif\/https:\/\/i0.wp.com\/levignobledumonastir.eu\/wp-content\/uploads\/2023\/06\/Trouillas-Vins-La-Providence-degustations-WEINWISSER.jpg?resize=994%2C848&#038;ssl=1\" alt=\"\" class=\"wp-image-664\" data-recalc-dims=\"1\"\/><noscript><img decoding=\"async\" width=\"994\" height=\"848\" src=\"https:\/\/mlkfrphfutlo.i.optimole.com\/w:auto\/h:auto\/q:mauto\/f:avif\/https:\/\/i0.wp.com\/levignobledumonastir.eu\/wp-content\/uploads\/2023\/06\/Trouillas-Vins-La-Providence-degustations-WEINWISSER.jpg?resize=994%2C848&#038;ssl=1\" alt=\"\" class=\"wp-image-664\" data-recalc-dims=\"1\"\/></noscript><\/figure>\n\n\n\n<div style=\"height:40px\" aria-hidden=\"true\" class=\"wp-block-spacer\"><\/div>\n<\/div>\n<\/div>\n\n\n\n<div style=\"height:40px\" aria-hidden=\"true\" class=\"wp-block-spacer\"><\/div>\n<\/div><\/div>\n<\/div><\/div>\n\n\n\n<div class=\"wp-block-cover alignfull\" style=\"min-height:420px\"><span aria-hidden=\"true\" class=\"wp-block-cover__background has-nv-light-bg-background-color has-background-dim-100 has-background-dim\"><\/span><div class=\"wp-block-cover__inner-container\">\n<div style=\"height:80px\" aria-hidden=\"true\" class=\"wp-block-spacer\"><\/div>\n\n\n\n<div class=\"is-layout-flex wp-container-23 wp-block-columns\">\n<div class=\"is-layout-flow wp-block-column ticss-4ce656f1\">\n<figure class=\"wp-block-image size-large is-resized is-style-rounded\"><img data-opt-src=\"https:\/\/mlkfrphfutlo.i.optimole.com\/w:auto\/h:auto\/q:mauto\/f:avif\/https:\/\/i0.wp.com\/levignobledumonastir.eu\/wp-content\/uploads\/2022\/11\/Marie.jpg\"  decoding=\"async\" src=\"https:\/\/mlkfrphfutlo.i.optimole.com\/w:auto\/h:auto\/q:eco\/f:avif\/https:\/\/i0.wp.com\/levignobledumonastir.eu\/wp-content\/uploads\/2022\/11\/Marie.jpg?resize=126%2C223&#038;ssl=1\" alt=\"\" class=\"wp-image-429\" width=\"126\" height=\"223\" data-recalc-dims=\"1\" \/><noscript><img decoding=\"async\" src=\"https:\/\/mlkfrphfutlo.i.optimole.com\/w:auto\/h:auto\/q:mauto\/f:avif\/https:\/\/i0.wp.com\/levignobledumonastir.eu\/wp-content\/uploads\/2022\/11\/Marie.jpg?resize=126%2C223&#038;ssl=1\" alt=\"\" class=\"wp-image-429\" width=\"126\" height=\"223\" data-recalc-dims=\"1\" \/></noscript><\/figure>\n\n\n\n<p class=\"has-text-align-left has-neve-text-color-color has-text-color\"><\/p>\n\n\n\n<p class=\"has-neve-text-color-color has-text-color\">Marie H\u00e9l\u00e8ne<\/p>\n\n\n\n<div style=\"height:20px\" aria-hidden=\"true\" class=\"wp-block-spacer\"><\/div>\n<\/div>\n\n\n\n<div class=\"is-layout-flow wp-block-column ticss-f6fc7494\">\n<figure class=\"wp-block-image size-large is-resized is-style-rounded\"><img data-opt-src=\"https:\/\/mlkfrphfutlo.i.optimole.com\/w:auto\/h:auto\/q:mauto\/f:avif\/https:\/\/i0.wp.com\/levignobledumonastir.eu\/wp-content\/uploads\/2023\/06\/Patrick-vigneron-vins-bio-Touillas.jpg\"  decoding=\"async\" src=\"https:\/\/mlkfrphfutlo.i.optimole.com\/w:auto\/h:auto\/q:eco\/f:avif\/https:\/\/i0.wp.com\/levignobledumonastir.eu\/wp-content\/uploads\/2023\/06\/Patrick-vigneron-vins-bio-Touillas.jpg?resize=334%2C250&#038;ssl=1\" alt=\"\" class=\"wp-image-637\" width=\"334\" height=\"250\" data-recalc-dims=\"1\" \/><noscript><img decoding=\"async\" src=\"https:\/\/mlkfrphfutlo.i.optimole.com\/w:auto\/h:auto\/q:mauto\/f:avif\/https:\/\/i0.wp.com\/levignobledumonastir.eu\/wp-content\/uploads\/2023\/06\/Patrick-vigneron-vins-bio-Touillas.jpg?resize=334%2C250&#038;ssl=1\" alt=\"\" class=\"wp-image-637\" width=\"334\" height=\"250\" data-recalc-dims=\"1\" \/></noscript><\/figure>\n\n\n\n<p class=\"has-text-align-left has-neve-text-color-color has-text-color\">Patrick<\/p>\n\n\n\n<p><\/p>\n\n\n\n<div style=\"height:20px\" aria-hidden=\"true\" class=\"wp-block-spacer\"><\/div>\n<\/div>\n\n\n\n<div class=\"is-layout-flow wp-block-column ticss-a5b4df29\">\n<figure class=\"wp-block-image size-full is-resized is-style-rounded\"><img data-opt-src=\"https:\/\/mlkfrphfutlo.i.optimole.com\/w:auto\/h:auto\/q:mauto\/f:avif\/https:\/\/i0.wp.com\/levignobledumonastir.eu\/wp-content\/uploads\/2023\/05\/Michel.jpg\"  decoding=\"async\" src=\"https:\/\/mlkfrphfutlo.i.optimole.com\/w:auto\/h:auto\/q:eco\/f:avif\/https:\/\/i0.wp.com\/levignobledumonastir.eu\/wp-content\/uploads\/2023\/05\/Michel.jpg?resize=166%2C220&#038;ssl=1\" alt=\"\" class=\"wp-image-625\" width=\"166\" height=\"220\" data-recalc-dims=\"1\" \/><noscript><img decoding=\"async\" src=\"https:\/\/mlkfrphfutlo.i.optimole.com\/w:auto\/h:auto\/q:mauto\/f:avif\/https:\/\/i0.wp.com\/levignobledumonastir.eu\/wp-content\/uploads\/2023\/05\/Michel.jpg?resize=166%2C220&#038;ssl=1\" alt=\"\" class=\"wp-image-625\" width=\"166\" height=\"220\" data-recalc-dims=\"1\" \/></noscript><\/figure>\n\n\n\n<p class=\"has-text-align-left has-neve-text-color-color has-text-color\"><\/p>\n\n\n\n<p class=\"has-neve-text-color-color has-text-color\">Michel<\/p>\n\n\n\n<div style=\"height:20px\" aria-hidden=\"true\" class=\"wp-block-spacer\"><\/div>\n<\/div>\n<\/div>\n\n\n\n<div style=\"height:30px\" aria-hidden=\"true\" class=\"wp-block-spacer\"><\/div>\n<\/div><\/div>\n\n\n\n<div class=\"wp-block-cover alignfull\" style=\"min-height:300px\"><span aria-hidden=\"true\" class=\"wp-block-cover__background has-nv-dark-bg-background-color has-background-dim-100 has-background-dim\"><\/span><div class=\"wp-block-cover__inner-container\">\n<div style=\"height:140px\" aria-hidden=\"true\" class=\"wp-block-spacer\"><\/div>\n\n\n\n<h2 class=\"has-text-align-center has-nv-text-dark-bg-color has-text-color\">Venez d\u00e9couvrir les saveurs du terroir<\/h2>\n\n\n\n<p class=\"has-text-align-center\">Comment faire en une touche?<\/p>\n\n\n\n<div class=\"is-horizontal is-content-justification-center is-layout-flex wp-container-24 wp-block-buttons\">\n<div class=\"wp-block-button is-style-primary\"><a class=\"wp-block-button__link wp-element-button\" href=\"https:\/\/levignobledumonastir.eu\/index.php\/15c42-web-agency-gb-contact-us\/\" target=\"_blank\" rel=\"noreferrer noopener\">En savoir plus<\/a><\/div>\n<\/div>\n\n\n\n<div style=\"height:140px\" aria-hidden=\"true\" class=\"wp-block-spacer\"><\/div>\n<\/div><\/div>\n","protected":false},"excerpt":{"rendered":"<p>Vielles vignes La famille Roig, vignerons depuis 1852 \u00e0 Trouillas dans les Pyr\u00e9n\u00e9es orientales, a connu un nouvel essor en 2016 avec Marie H\u00e9l\u00e8ne la derni\u00e8re descendante et Patrick CERVATIUS son compagnon Le terroir \u00ab Vinum bonum laetificat cor hominis \u00bb Le bon vin r\u00e9jouit le c\u0153ur des hommes. \u00ab Fortunatos nimium sua si bona&hellip;&nbsp;<a href=\"https:\/\/levignobledumonastir.eu\/\" class=\"\" rel=\"bookmark\">Lire la suite &raquo;<span class=\"screen-reader-text\">Accueil<\/span><\/a><\/p>\n","protected":false},"author":1,"featured_media":0,"parent":0,"menu_order":0,"comment_status":"closed","ping_status":"closed","template":"","meta":{"neve_meta_sidebar":"default","neve_meta_container":"default","neve_meta_enable_content_width":"on","neve_meta_content_width":100,"neve_meta_title_alignment":"","neve_meta_author_avatar":"","neve_post_elements_order":"","neve_meta_disable_header":"","neve_meta_disable_footer":"","neve_meta_disable_title":"on","_themeisle_gutenberg_block_has_review":false,"_ti_tpc_template_sync":false,"_ti_tpc_template_id":"cwhkd9lki581rusuhjti"},"aioseo_notices":[],"_links":{"self":[{"href":"https:\/\/levignobledumonastir.eu\/index.php\/wp-json\/wp\/v2\/pages\/308"}],"collection":[{"href":"https:\/\/levignobledumonastir.eu\/index.php\/wp-json\/wp\/v2\/pages"}],"about":[{"href":"https:\/\/levignobledumonastir.eu\/index.php\/wp-json\/wp\/v2\/types\/page"}],"author":[{"embeddable":true,"href":"https:\/\/levignobledumonastir.eu\/index.php\/wp-json\/wp\/v2\/users\/1"}],"replies":[{"embeddable":true,"href":"https:\/\/levignobledumonastir.eu\/index.php\/wp-json\/wp\/v2\/comments?post=308"}],"version-history":[{"count":51,"href":"https:\/\/levignobledumonastir.eu\/index.php\/wp-json\/wp\/v2\/pages\/308\/revisions"}],"predecessor-version":[{"id":683,"href":"https:\/\/levignobledumonastir.eu\/index.php\/wp-json\/wp\/v2\/pages\/308\/revisions\/683"}],"wp:attachment":[{"href":"https:\/\/levignobledumonastir.eu\/index.php\/wp-json\/wp\/v2\/media?parent=308"}],"curies":[{"name":"wp","href":"https:\/\/api.w.org\/{rel}","templated":true}]}}